{"id":200,"date":"2023-08-18T12:09:27","date_gmt":"2023-08-18T12:09:27","guid":{"rendered":"https:\/\/5poraroku.pl\/?page_id=200"},"modified":"2025-07-16T06:44:26","modified_gmt":"2025-07-16T06:44:26","slug":"posluchaj-nas","status":"publish","type":"page","link":"https:\/\/5poraroku.pl\/index.php\/posluchaj-nas\/","title":{"rendered":"Pos\u0142uchaj nas"},"content":{"rendered":"\n<figure class=\"wp-block-embed is-type-video is-provider-youtube wp-block-embed-youtube wp-embed-aspect-16-9 wp-has-aspect-ratio\"><div class=\"wp-block-embed__wrapper\">\n<iframe loading=\"lazy\" title=\"5 Pora Roku - Ta\u0144cz mnie po mi\u0142o\u015bci kres ( Project Cohen )\" width=\"750\" height=\"422\" src=\"https:\/\/www.youtube.com\/embed\/hwq42YNTQBA?feature=oembed\" frameborder=\"0\" allow=\"accelerometer; autoplay; clipboard-write; encrypted-media; gyroscope; picture-in-picture; web-share\" allowfullscreen><\/iframe>\n<\/div><figcaption class=\"wp-element-caption\">5 Pora Roku &#8211; Ta\u0144cz mnie po mi\u0142o\u015bci kres &#8222;Dance Me to the End of Love&#8221; <\/figcaption><\/figure>\n\n\n\n<figure class=\"wp-block-embed is-type-video is-provider-youtube wp-block-embed-youtube wp-embed-aspect-16-9 wp-has-aspect-ratio\"><div class=\"wp-block-embed__wrapper\">\n<iframe loading=\"lazy\" title=\"5 Pora Roku- Go\u015bcie &quot;The Guests&quot; Cover ( Project Cohen )\" width=\"750\" height=\"422\" src=\"https:\/\/www.youtube.com\/embed\/b0Gyqdli804?feature=oembed\" frameborder=\"0\" allow=\"accelerometer; autoplay; clipboard-write; encrypted-media; gyroscope; picture-in-picture; web-share\" allowfullscreen><\/iframe>\n<\/div><figcaption class=\"wp-element-caption\">5 Pora Roku &#8211; Go\u015bcie &#8222;The Guests&#8221;<\/figcaption><\/figure>\n\n\n\n<figure class=\"wp-block-embed is-type-video is-provider-youtube wp-block-embed-youtube wp-embed-aspect-16-9 wp-has-aspect-ratio\"><div class=\"wp-block-embed__wrapper\">\n<iframe loading=\"lazy\" title=\"5 Pora Roku- Alleluja  &quot;Hallelujah&quot; ( cover )\" width=\"750\" height=\"422\" src=\"https:\/\/www.youtube.com\/embed\/yVjSunWQsCU?feature=oembed\" frameborder=\"0\" allow=\"accelerometer; autoplay; clipboard-write; encrypted-media; gyroscope; picture-in-picture; web-share\" allowfullscreen><\/iframe>\n<\/div><figcaption class=\"wp-element-caption\">5 Pora Roku- Alleluja &#8222;Hallelujah&#8221;&nbsp;<\/figcaption><\/figure>\n\n\n\n<figure class=\"wp-block-embed is-type-video is-provider-youtube wp-block-embed-youtube wp-embed-aspect-16-9 wp-has-aspect-ratio\"><div class=\"wp-block-embed__wrapper\">\n<iframe loading=\"lazy\" title=\"5 Pora Roku - Lover, Lover, Lover &quot;Cover&quot; ( Project Cohen )\" width=\"750\" height=\"422\" src=\"https:\/\/www.youtube.com\/embed\/pTm9yZ0copI?feature=oembed\" frameborder=\"0\" allow=\"accelerometer; autoplay; clipboard-write; encrypted-media; gyroscope; picture-in-picture; web-share\" allowfullscreen><\/iframe>\n<\/div><figcaption class=\"wp-element-caption\">5 Pora Roku &#8211; &#8222;Lover, Lover, Lover&#8221;<\/figcaption><\/figure>\n\n\n\n<p>Wi\u0119cej na naszym <a rel=\"noreferrer noopener\" href=\"https:\/\/www.youtube.com\/@5poraroku589\" target=\"_blank\">kanale YouTube<\/a>.<\/p>\n","protected":false},"excerpt":{"rendered":"<p>Wi\u0119cej na naszym kanale YouTube.<\/p>\n","protected":false},"author":1,"featured_media":355,"parent":0,"menu_order":0,"comment_status":"closed","ping_status":"closed","template":"","meta":{"footnotes":""},"class_list":["post-200","page","type-page","status-publish","has-post-thumbnail","hentry"],"_links":{"self":[{"href":"https:\/\/5poraroku.pl\/index.php\/wp-json\/wp\/v2\/pages\/200","targetHints":{"allow":["GET"]}}],"collection":[{"href":"https:\/\/5poraroku.pl\/index.php\/wp-json\/wp\/v2\/pages"}],"about":[{"href":"https:\/\/5poraroku.pl\/index.php\/wp-json\/wp\/v2\/types\/page"}],"author":[{"embeddable":true,"href":"https:\/\/5poraroku.pl\/index.php\/wp-json\/wp\/v2\/users\/1"}],"replies":[{"embeddable":true,"href":"https:\/\/5poraroku.pl\/index.php\/wp-json\/wp\/v2\/comments?post=200"}],"version-history":[{"count":5,"href":"https:\/\/5poraroku.pl\/index.php\/wp-json\/wp\/v2\/pages\/200\/revisions"}],"predecessor-version":[{"id":290,"href":"https:\/\/5poraroku.pl\/index.php\/wp-json\/wp\/v2\/pages\/200\/revisions\/290"}],"wp:featuredmedia":[{"embeddable":true,"href":"https:\/\/5poraroku.pl\/index.php\/wp-json\/wp\/v2\/media\/355"}],"wp:attachment":[{"href":"https:\/\/5poraroku.pl\/index.php\/wp-json\/wp\/v2\/media?parent=200"}],"curies":[{"name":"wp","href":"https:\/\/api.w.org\/{rel}","templated":true}]}}