{"id":16,"date":"2023-07-13T06:56:09","date_gmt":"2023-07-13T06:56:09","guid":{"rendered":"https:\/\/5poraroku.pl\/?page_id=16"},"modified":"2023-07-30T14:25:50","modified_gmt":"2023-07-30T14:25:50","slug":"kontakt","status":"publish","type":"page","link":"https:\/\/5poraroku.pl\/index.php\/kontakt\/","title":{"rendered":"Kontakt"},"content":{"rendered":"\n<div class=\"wp-block-columns alignfull is-layout-flex wp-container-core-columns-is-layout-28f84493 wp-block-columns-is-layout-flex\">\n<div class=\"wp-block-column is-layout-flow wp-block-column-is-layout-flow\">\n<div style=\"width: 100%\"><iframe width=\"100%\" height=\"400\" frameborder=\"0\" scrolling=\"no\" marginheight=\"0\" marginwidth=\"0\" src=\"https:\/\/www.google.com\/maps\/embed?pb=!1m18!1m12!1m3!1d77313.39936061761!2d15.135835494443885!3d52.73140329955116!2m3!1f0!2f0!3f0!3m2!1i1024!2i768!4f13.1!3m3!1m2!1s0x47071f0a5a4118b7%3A0x5dd10df3cb5799dd!2sGorz%C3%B3w%20Wielkopolski!5e0!3m2!1spl!2spl!4v1690299597159!5m2!1spl!2spl\" width=\"800\" height=\"600\" style=\"border:0;\" allowfullscreen=\"\" loading=\"lazy\" referrerpolicy=\"no-referrer-when-downgrade\"><\/iframe><\/div>\n\n\n\n<p><\/p>\n<\/div>\n<\/div>\n\n\n\n<div class=\"wp-block-columns is-layout-flex wp-container-core-columns-is-layout-28f84493 wp-block-columns-is-layout-flex\">\n<div class=\"wp-block-column is-layout-flow wp-block-column-is-layout-flow\">\n<div class=\"wp-block-columns is-layout-flex wp-container-core-columns-is-layout-28f84493 wp-block-columns-is-layout-flex\">\n<div class=\"wp-block-column is-layout-flow wp-block-column-is-layout-flow\"><\/div>\n\n\n\n<div class=\"wp-block-column is-layout-flow wp-block-column-is-layout-flow\">\n<h2 class=\"wp-block-heading\">Napisz do nas<\/h2>\n\n\n\n<p><strong>Cezary \u017bo\u0142y\u0144ski<\/strong><br>e-mail: <a href=\"mailto:cezaryzolynski@gmail.com\">cezaryzolynski@gmail.com<\/a><br><i class=\"fab fa-facebook-f\"><\/i> <a href=\"https:\/\/www.facebook.com\/cezary.zolynski\" target=\"_blank\" rel=\"noreferrer noopener\">https:\/\/www.facebook.com\/cezary.zolynski<\/a><\/p>\n<\/div>\n\n\n\n<div class=\"wp-block-column is-layout-flow wp-block-column-is-layout-flow\"><\/div>\n<\/div>\n<\/div>\n<\/div>\n","protected":false},"excerpt":{"rendered":"<p>Napisz do nas Cezary \u017bo\u0142y\u0144skie-mail: cezaryzolynski@gmail.com https:\/\/www.facebook.com\/cezary.zolynski<\/p>\n","protected":false},"author":1,"featured_media":0,"parent":0,"menu_order":0,"comment_status":"closed","ping_status":"closed","template":"page-templates\/template-pagebuilder-full-width.php","meta":{"footnotes":""},"class_list":["post-16","page","type-page","status-publish","hentry"],"_links":{"self":[{"href":"https:\/\/5poraroku.pl\/index.php\/wp-json\/wp\/v2\/pages\/16","targetHints":{"allow":["GET"]}}],"collection":[{"href":"https:\/\/5poraroku.pl\/index.php\/wp-json\/wp\/v2\/pages"}],"about":[{"href":"https:\/\/5poraroku.pl\/index.php\/wp-json\/wp\/v2\/types\/page"}],"author":[{"embeddable":true,"href":"https:\/\/5poraroku.pl\/index.php\/wp-json\/wp\/v2\/users\/1"}],"replies":[{"embeddable":true,"href":"https:\/\/5poraroku.pl\/index.php\/wp-json\/wp\/v2\/comments?post=16"}],"version-history":[{"count":18,"href":"https:\/\/5poraroku.pl\/index.php\/wp-json\/wp\/v2\/pages\/16\/revisions"}],"predecessor-version":[{"id":192,"href":"https:\/\/5poraroku.pl\/index.php\/wp-json\/wp\/v2\/pages\/16\/revisions\/192"}],"wp:attachment":[{"href":"https:\/\/5poraroku.pl\/index.php\/wp-json\/wp\/v2\/media?parent=16"}],"curies":[{"name":"wp","href":"https:\/\/api.w.org\/{rel}","templated":true}]}}