{"id":109,"date":"2023-07-20T19:50:01","date_gmt":"2023-07-20T19:50:01","guid":{"rendered":"https:\/\/5poraroku.pl\/?page_id=109"},"modified":"2025-07-16T21:03:09","modified_gmt":"2025-07-16T21:03:09","slug":"projekty","status":"publish","type":"page","link":"https:\/\/5poraroku.pl\/index.php\/projekty\/","title":{"rendered":"Projekty"},"content":{"rendered":"\n<p>Opis realizowanych i planowanych projekt\u00f3w artystycznych.<\/p>\n\n\n\n<h2 class=\"wp-block-heading\">Zak\u0105tek \u0141agodnego Brzmienia &#8211; Koncert Wahad\u0142owy<\/h2>\n\n\n\n<p>Dwa zespo\u0142y. Dwie sceny. Machina poetycka. Teatr ognia.<\/p>\n\n\n\n<figure class=\"wp-block-embed is-type-video is-provider-youtube wp-block-embed-youtube wp-embed-aspect-16-9 wp-has-aspect-ratio\"><div class=\"wp-block-embed__wrapper\">\n<iframe loading=\"lazy\" title=\"ZAK\u0104TEK \u0141AGODNEGO BRZMIENIA - KONCERT WAHAD\u0141OWY\" width=\"750\" height=\"422\" src=\"https:\/\/www.youtube.com\/embed\/HrJtkVMYrGY?feature=oembed\" frameborder=\"0\" allow=\"accelerometer; autoplay; clipboard-write; encrypted-media; gyroscope; picture-in-picture; web-share\" referrerpolicy=\"strict-origin-when-cross-origin\" allowfullscreen><\/iframe>\n<\/div><\/figure>\n\n\n\n<p><\/p>\n","protected":false},"excerpt":{"rendered":"<p>Opis realizowanych i planowanych projekt\u00f3w artystycznych. Zak\u0105tek \u0141agodnego Brzmienia &#8211; Koncert Wahad\u0142owy Dwa zespo\u0142y. Dwie sceny. Machina poetycka. Teatr ognia.<\/p>\n","protected":false},"author":1,"featured_media":403,"parent":0,"menu_order":0,"comment_status":"closed","ping_status":"closed","template":"","meta":{"footnotes":""},"class_list":["post-109","page","type-page","status-publish","has-post-thumbnail","hentry"],"_links":{"self":[{"href":"https:\/\/5poraroku.pl\/index.php\/wp-json\/wp\/v2\/pages\/109","targetHints":{"allow":["GET"]}}],"collection":[{"href":"https:\/\/5poraroku.pl\/index.php\/wp-json\/wp\/v2\/pages"}],"about":[{"href":"https:\/\/5poraroku.pl\/index.php\/wp-json\/wp\/v2\/types\/page"}],"author":[{"embeddable":true,"href":"https:\/\/5poraroku.pl\/index.php\/wp-json\/wp\/v2\/users\/1"}],"replies":[{"embeddable":true,"href":"https:\/\/5poraroku.pl\/index.php\/wp-json\/wp\/v2\/comments?post=109"}],"version-history":[{"count":3,"href":"https:\/\/5poraroku.pl\/index.php\/wp-json\/wp\/v2\/pages\/109\/revisions"}],"predecessor-version":[{"id":415,"href":"https:\/\/5poraroku.pl\/index.php\/wp-json\/wp\/v2\/pages\/109\/revisions\/415"}],"wp:featuredmedia":[{"embeddable":true,"href":"https:\/\/5poraroku.pl\/index.php\/wp-json\/wp\/v2\/media\/403"}],"wp:attachment":[{"href":"https:\/\/5poraroku.pl\/index.php\/wp-json\/wp\/v2\/media?parent=109"}],"curies":[{"name":"wp","href":"https:\/\/api.w.org\/{rel}","templated":true}]}}